{"id":541,"date":"2024-01-05T14:16:46","date_gmt":"2024-01-05T12:16:46","guid":{"rendered":"https:\/\/optimize.forskning.eu\/project-partners\/"},"modified":"2025-03-24T12:44:29","modified_gmt":"2025-03-24T10:44:29","slug":"project-partners","status":"publish","type":"page","link":"https:\/\/optimize.forskning.eu\/en\/project-partners\/","title":{"rendered":"Project partners"},"content":{"rendered":"<link rel=\"stylesheet\" type=\"text\/css\" href=\"https:\/\/optimize.forskning.eu\/wp-content\/themes\/oak-theme\/dist\/template-parts\/blocks\/subsite-hero-page\/subsite-hero-page.css\">\n\t<section class=\"block block--subsite-hero-page spacing--none\">\n\t\t<div  class=\"subsite-hero-page\">\n\t\t\t\t<div class=\"subsite-hero-page__bg\">\n\t\t\t\t\t<img decoding=\"async\" src=\"https:\/\/optimize.forskning.eu\/wp-content\/themes\/oak-theme\/assets\/images\/placeholder.png\" data-src=\"https:\/\/optimize.forskning.eu\/wp-content\/uploads\/sites\/8\/2024\/01\/Kick-off-1024x768.jpg\" data-srcset=\"https:\/\/optimize.forskning.eu\/wp-content\/uploads\/sites\/8\/2024\/01\/Kick-off-1024x768.jpg 1024w, https:\/\/optimize.forskning.eu\/wp-content\/uploads\/sites\/8\/2024\/01\/Kick-off-300x225.jpg 300w, https:\/\/optimize.forskning.eu\/wp-content\/uploads\/sites\/8\/2024\/01\/Kick-off-768x576.jpg 768w, https:\/\/optimize.forskning.eu\/wp-content\/uploads\/sites\/8\/2024\/01\/Kick-off-1536x1152.jpg 1536w, https:\/\/optimize.forskning.eu\/wp-content\/uploads\/sites\/8\/2024\/01\/Kick-off.jpg 1920w\" sizes=\"(max-width: 100vw) 2000px, 2000px\" data-loading=\"lazy\" alt=\"\" \/>\n\t\t\t<\/div>\n\t<div class=\"subsite-hero-page__container\">\n\t\t<div class=\"grid\">\n\t\t\t<div class=\"col-md-8 col-xl-5 offset-xl-1\">\n\t\t\t\t<h1 class=\"subsite-hero-page__title\">\n\t\t\t\t\tPartnere\n\t\t\t\t<\/h1>\n\t\t\t<\/div>\n\n\t\t\t<div class=\"col-md-8 col-xl-5 offset-xl-1\">\n\t\t\t\t<p class=\"subsite-hero-page__excerpt\">\n\t\t\t\t\tProjektet OPTIMIZE foreg\u00e5r i samarbejde mellem partnere fra Sverige og Danmark. \n\t\t\t\t<\/p>\n\t\t\t<\/div>\n\n\t\t\t\t\t<\/div>\n\t<\/div>\n\t\t<\/div>\n\t<\/section>\n\n\n<link rel=\"stylesheet\" type=\"text\/css\" href=\"https:\/\/optimize.forskning.eu\/wp-content\/themes\/oak-theme\/dist\/template-parts\/blocks\/partners\/partners.css\">\n\t<section class=\"block block--partners spacing--none\">\n\t\t<div  class=\"partners\">\n\t\t\t\t\t\t\t<div class=\"grid \">\n\t\t\t\t\t\t<div class=\"col-lg-10 offset-lg-1\">\n\t\t<div class=\"partners__list\">\n\t\t\t\t\t\t\t<div class=\"partner\">\n\t\t\t\t\t<button class=\"partner__header\">\n\t\t\t\t\t\t<div class=\"partner__logo\">\n\t\t\t\t\t\t\t<img decoding=\"async\" src=\"https:\/\/optimize.forskning.eu\/wp-content\/themes\/oak-theme\/assets\/images\/placeholder.png\" data-src=\"https:\/\/optimize.forskning.eu\/wp-content\/uploads\/sites\/8\/2024\/01\/sjaellands-universitetshospital-300x96.jpg\" data-srcset=\"https:\/\/optimize.forskning.eu\/wp-content\/uploads\/sites\/8\/2024\/01\/sjaellands-universitetshospital-300x96.jpg 300w, https:\/\/optimize.forskning.eu\/wp-content\/uploads\/sites\/8\/2024\/01\/sjaellands-universitetshospital-1024x328.jpg 1024w, https:\/\/optimize.forskning.eu\/wp-content\/uploads\/sites\/8\/2024\/01\/sjaellands-universitetshospital-768x246.jpg 768w, https:\/\/optimize.forskning.eu\/wp-content\/uploads\/sites\/8\/2024\/01\/sjaellands-universitetshospital.jpg 1063w\" sizes=\"(max-width: 100vw) 400px, 400px\" data-loading=\"lazy\" alt=\"\" \/>\n\t\t\t\t\t\t<\/div>\n\n\t\t\t\t\t\t<div class=\"partner__toggle\">\n\t\t\t\t\t\t\t<span><\/span><span><\/span>\n\t\t\t\t\t\t<\/div>\n\n\t\t\t\t\t\t<div class=\"partner__container\">\n\t\t\t\t\t\t\t<h2 class=\"partner__title\">\n\t\t\t\t\t\t\t\tSj\u00e6llands Universitetshospital\n\t\t\t\t\t\t\t<\/h2>\n\n\t\t\t\t\t\t\t<p class=\"partner__excerpt\">\n\t\t\t\t\t\t\t\tFra Sj\u00e6llands Universitetshospital indg\u00e5r An\u00e6stesiafdelingen, Enhed for An\u00e6stesiologisk Sygeplejeforskning, Urologisk Afdeling, Forskningscenter for Avanceret Billeddannelse samt Forskningsenheden i Staben i projektet.\n\t\t\t\t\t\t\t<\/p>\n\t\t\t\t\t\t<\/div>\n\t\t\t\t\t<\/button>\n\n\t\t\t\t\t<div class=\"partner__wrapper\">\n\t\t\t\t\t\t<div class=\"partner__text\">\n\t\t\t\t\t\t\t<p>An\u00e6stesiafdelingen anvender moderne teknologi for l\u00f8bende at optimere behandlingen af operationspatienter. Enhed for an\u00e6stesiologisk sygeplejeforskning forsker blandt andet i<br \/>\nsmertebehandling og optimering af patientforl\u00f8b og bidrager med erfaring og viden om blandt andet patienters smerteoplevelse og operationsangst.<\/p>\n<p>Urologisk Afdeling behandler patienter med lidelser i urinvejene. Efter en operation er det ofte n\u00f8dvendigt at monitorere patienternes v\u00e6skebalance. Forskningsansvarlig fra<br \/>\nUrologisk Afdeling og forskningsingeni\u00f8r fra Forskningscenter for Avanceret Billeddannelse har i samarbejde f\u00e5et ideen til den automatiske v\u00e6skem\u00e5lingsteknologi.<\/p>\n<p>Forskningsenheden i Staben underst\u00f8tter, driver og udvikler forsknings- og innovationsprojekter p\u00e5 Region Sj\u00e6llands fem hospitaler og st\u00e5r for koordinering, projektledelse, \u00f8konomistyring samt<br \/>\nkommunikation i projektet.<\/p>\n\n\t\t\t\t\t\t<\/div>\n\t\t\t\t\t\t\t\t\t\t\t<\/div>\n\t\t\t\t<\/div>\n\t\t\t\t\t\t\t<div class=\"partner\">\n\t\t\t\t\t<button class=\"partner__header\">\n\t\t\t\t\t\t<div class=\"partner__logo\">\n\t\t\t\t\t\t\t<img decoding=\"async\" src=\"https:\/\/optimize.forskning.eu\/wp-content\/themes\/oak-theme\/assets\/images\/placeholder.png\" data-src=\"https:\/\/optimize.forskning.eu\/wp-content\/uploads\/sites\/8\/2024\/01\/logo_sahlgrenska-300x55.png\" data-srcset=\"https:\/\/optimize.forskning.eu\/wp-content\/uploads\/sites\/8\/2024\/01\/logo_sahlgrenska-300x55.png 300w, https:\/\/optimize.forskning.eu\/wp-content\/uploads\/sites\/8\/2024\/01\/logo_sahlgrenska.png 523w\" sizes=\"(max-width: 100vw) 400px, 400px\" data-loading=\"lazy\" alt=\"\" \/>\n\t\t\t\t\t\t<\/div>\n\n\t\t\t\t\t\t<div class=\"partner__toggle\">\n\t\t\t\t\t\t\t<span><\/span><span><\/span>\n\t\t\t\t\t\t<\/div>\n\n\t\t\t\t\t\t<div class=\"partner__container\">\n\t\t\t\t\t\t\t<h2 class=\"partner__title\">\n\t\t\t\t\t\t\t\tSahlgrenska Universitetssjukhuset\n\t\t\t\t\t\t\t<\/h2>\n\n\t\t\t\t\t\t\t<p class=\"partner__excerpt\">\n\t\t\t\t\t\t\t\tFra Sahlgrenska Universitetssjukhuset deltager An\u00e6stesiklinikken.\n\t\t\t\t\t\t\t<\/p>\n\t\t\t\t\t\t<\/div>\n\t\t\t\t\t<\/button>\n\n\t\t\t\t\t<div class=\"partner__wrapper\">\n\t\t\t\t\t\t<div class=\"partner__text\">\n\t\t\t\t\t\t\t<p>P\u00e5 Sahlgrenska Universitetssjukhuset forsker An\u00e6stesiklinikken blandt andet i smerte, smertedistraktion, l\u00e6gemiddelp\u00e5virkning og dybden af an\u00e6stesi. Afdelingen har dermed b\u00e5de praktisk og forskningsm\u00e6ssig erfaring med, hvordan beroligende medicin under operationer kan medf\u00f8re risiko for overdosering og forl\u00e6nget plejetid.<\/p>\n\n\t\t\t\t\t\t<\/div>\n\t\t\t\t\t\t\t\t\t\t\t<\/div>\n\t\t\t\t<\/div>\n\t\t\t\t\t\t\t<div class=\"partner\">\n\t\t\t\t\t<button class=\"partner__header\">\n\t\t\t\t\t\t<div class=\"partner__logo\">\n\t\t\t\t\t\t\t<img decoding=\"async\" src=\"https:\/\/optimize.forskning.eu\/wp-content\/themes\/oak-theme\/assets\/images\/placeholder.png\" data-src=\"https:\/\/optimize.forskning.eu\/wp-content\/uploads\/sites\/8\/2024\/01\/logo_skaane-300x277.jpg\" data-srcset=\"https:\/\/optimize.forskning.eu\/wp-content\/uploads\/sites\/8\/2024\/01\/logo_skaane-300x277.jpg 300w, https:\/\/optimize.forskning.eu\/wp-content\/uploads\/sites\/8\/2024\/01\/logo_skaane-1024x946.jpg 1024w, https:\/\/optimize.forskning.eu\/wp-content\/uploads\/sites\/8\/2024\/01\/logo_skaane-768x710.jpg 768w, https:\/\/optimize.forskning.eu\/wp-content\/uploads\/sites\/8\/2024\/01\/logo_skaane.jpg 1065w\" sizes=\"(max-width: 100vw) 400px, 400px\" data-loading=\"lazy\" alt=\"\" \/>\n\t\t\t\t\t\t<\/div>\n\n\t\t\t\t\t\t<div class=\"partner__toggle\">\n\t\t\t\t\t\t\t<span><\/span><span><\/span>\n\t\t\t\t\t\t<\/div>\n\n\t\t\t\t\t\t<div class=\"partner__container\">\n\t\t\t\t\t\t\t<h2 class=\"partner__title\">\n\t\t\t\t\t\t\t\tHelsingborgs Lasarett\n\t\t\t\t\t\t\t<\/h2>\n\n\t\t\t\t\t\t\t<p class=\"partner__excerpt\">\n\t\t\t\t\t\t\t\tFra Region Sk\u00e5ne deltager VO Akutsjukv\u00e5rd p\u00e5 Helsingborgs Lasarett.<br \/>\r\n<br \/>\r\nAkutmottagningen tager imod akutte medicinske indl\u00e6ggelser, patienter med alvorlig eller pludselig sygdom, eller patienter som har v\u00e6ret i en alvorlig ulykke.\n\t\t\t\t\t\t\t<\/p>\n\t\t\t\t\t\t<\/div>\n\t\t\t\t\t<\/button>\n\n\t\t\t\t\t<div class=\"partner__wrapper\">\n\t\t\t\t\t\t<div class=\"partner__text\">\n\t\t\t\t\t\t\t<p>&nbsp;<\/p>\n<pre id=\"tw-target-text\" class=\"tw-data-text tw-text-large tw-ta\" dir=\"ltr\" data-placeholder=\"Overs\u00e6ttelse\" data-ved=\"2ahUKEwilovz5u82DAxWKa_EDHT7rDCcQ3ewLegQIBRAQ\"><\/pre>\n<p>&nbsp;<\/p>\n\n\t\t\t\t\t\t<\/div>\n\t\t\t\t\t\t\t\t\t\t\t<\/div>\n\t\t\t\t<\/div>\n\t\t\t\t\t\t\t<div class=\"partner\">\n\t\t\t\t\t<button class=\"partner__header\">\n\t\t\t\t\t\t<div class=\"partner__logo\">\n\t\t\t\t\t\t\t<img decoding=\"async\" src=\"https:\/\/optimize.forskning.eu\/wp-content\/themes\/oak-theme\/assets\/images\/placeholder.png\" data-src=\"https:\/\/optimize.forskning.eu\/wp-content\/uploads\/sites\/8\/2024\/01\/Khora-logo-300x150.png\" data-srcset=\"https:\/\/optimize.forskning.eu\/wp-content\/uploads\/sites\/8\/2024\/01\/Khora-logo-300x150.png 300w, https:\/\/optimize.forskning.eu\/wp-content\/uploads\/sites\/8\/2024\/01\/Khora-logo.png 400w\" sizes=\"(max-width: 100vw) 400px, 400px\" data-loading=\"lazy\" alt=\"\" \/>\n\t\t\t\t\t\t<\/div>\n\n\t\t\t\t\t\t<div class=\"partner__toggle\">\n\t\t\t\t\t\t\t<span><\/span><span><\/span>\n\t\t\t\t\t\t<\/div>\n\n\t\t\t\t\t\t<div class=\"partner__container\">\n\t\t\t\t\t\t\t<h2 class=\"partner__title\">\n\t\t\t\t\t\t\t\tKhora\n\t\t\t\t\t\t\t<\/h2>\n\n\t\t\t\t\t\t\t<p class=\"partner__excerpt\">\n\t\t\t\t\t\t\t\tKhora er et f\u00f8rende skandinavisk produktionsstudie inden for Virtual Reality (VR) og Augmented Reality (AR), der skaber indhold inden for flere forskellige anvendelsesomr\u00e5der. Sundhedsomr\u00e5det er et af dem.\n\t\t\t\t\t\t\t<\/p>\n\t\t\t\t\t\t<\/div>\n\t\t\t\t\t<\/button>\n\n\t\t\t\t\t<div class=\"partner__wrapper\">\n\t\t\t\t\t\t<div class=\"partner__text\">\n\t\t\t\t\t\t\t<p>Khora arbejder blandt andet sammen med danske og udenlandske hospitaler om at benytte virtual reality til afledning af opm\u00e6rksomhed i forbindelse med forskellige behandlinger.<\/p>\n<p>Gennem \u00e5rene har forskere dokumenteret effekten ved brug af virtual reality indenfor forskellige omr\u00e5der s\u00e5som smertedistraktion og eksponeringsterapi.<\/p>\n\n\t\t\t\t\t\t<\/div>\n\t\t\t\t\t\t\t\t\t\t\t<\/div>\n\t\t\t\t<\/div>\n\t\t\t\t\t<\/div>\n\t<\/div>\n\t\t\t\t<\/div>\n\t\t\t\t\t<\/div>\n\t<\/section>\n","protected":false},"excerpt":{"rendered":"","protected":false},"author":4,"featured_media":0,"parent":0,"menu_order":0,"comment_status":"closed","ping_status":"closed","template":"","meta":{"_acf_changed":false,"footnotes":""},"class_list":["post-541","page","type-page","status-publish","hentry"],"acf":[],"_links":{"self":[{"href":"https:\/\/optimize.forskning.eu\/en\/wp-json\/wp\/v2\/pages\/541","targetHints":{"allow":["GET"]}}],"collection":[{"href":"https:\/\/optimize.forskning.eu\/en\/wp-json\/wp\/v2\/pages"}],"about":[{"href":"https:\/\/optimize.forskning.eu\/en\/wp-json\/wp\/v2\/types\/page"}],"author":[{"embeddable":true,"href":"https:\/\/optimize.forskning.eu\/en\/wp-json\/wp\/v2\/users\/4"}],"replies":[{"embeddable":true,"href":"https:\/\/optimize.forskning.eu\/en\/wp-json\/wp\/v2\/comments?post=541"}],"version-history":[{"count":8,"href":"https:\/\/optimize.forskning.eu\/en\/wp-json\/wp\/v2\/pages\/541\/revisions"}],"predecessor-version":[{"id":864,"href":"https:\/\/optimize.forskning.eu\/en\/wp-json\/wp\/v2\/pages\/541\/revisions\/864"}],"wp:attachment":[{"href":"https:\/\/optimize.forskning.eu\/en\/wp-json\/wp\/v2\/media?parent=541"}],"curies":[{"name":"wp","href":"https:\/\/api.w.org\/{rel}","templated":true}]}}